{"id":334,"date":"2025-07-09T16:12:29","date_gmt":"2025-07-09T16:12:29","guid":{"rendered":"https:\/\/atomtattoo.nl\/?page_id=334"},"modified":"2025-07-09T16:38:32","modified_gmt":"2025-07-09T16:38:32","slug":"krzysztof","status":"publish","type":"page","link":"https:\/\/atomtattoo.nl\/index.php\/krzysztof\/","title":{"rendered":"Krzysiu"},"content":{"rendered":"\n<div id=\"gspb_row-id-gsbp-6fbf20db-9a4e\" class=\"gspb_row gspb_row-id-gsbp-6fbf20db-9a4e wp-block-greenshift-blocks-row alignfull gspb_row-id-gsbp-6fbf20db-9a4e\"><div class=\"gspb_row__content\"> \n<div id=\"gspb_col-id-gsbp-0be54330-20b4\" class=\"gspb_row__col--12 wp-block-greenshift-blocks-row-column  gspb_col-id-gsbp-0be54330-20b4\">\n<div id=\"gspb_row-id-gsbp-b69c3d8f-86d1\" class=\"gspb_row gspb_row-id-gsbp-b69c3d8f-86d1 wp-block-greenshift-blocks-row gspb_row-id-gsbp-b69c3d8f-86d1\"><div class=\"gspb_row__content\"> \n<div id=\"gspb_col-id-gsbp-c284590f-d0b8\" class=\"gspb_row__col--4 wp-block-greenshift-blocks-row-column  gspb_col-id-gsbp-c284590f-d0b8\">\n<div id=\"gspb_image-id-gsbp-8d0639b2-abdf\" class=\"gspb_image gspb_image-id-gsbp-8d0639b2-abdf wp-block-greenshift-blocks-image\"><img decoding=\"async\" loading=\"lazy\" src=\"http:\/\/atomtattoo.nl\/wp-content\/uploads\/2025\/07\/d74ebce1-0399-4965-a513-cfc952c79b79.jpg\" data-src=\"\" alt=\"\" width=\"100\" height=\"1600\"\/><\/div>\n<\/div>\n\n\n\n<div id=\"gspb_col-id-gsbp-b64808cf-de4e\" class=\"gspb_row__col--8 wp-block-greenshift-blocks-row-column  gspb_col-id-gsbp-b64808cf-de4e\">\n<h2 id=\"gspb_heading-id-gsbp-b1c585d6-ebee\" class=\"gspb_heading gspb_heading-id-gsbp-b1c585d6-ebee \">Krzysiu<\/h2>\n\n\n\n<div id=\"gspb_text-id-gsbp-9e09473d-4190\" class=\"gspb_text gspb_text-id-gsbp-9e09473d-4190 \">Cze\u015b\u0107!<br><br>Jestem Krzysiu i od roku mo\u017cecie znale\u017a\u0107 mnie w atom tattoo gdzie na codzie\u0144 spe\u0142niam Wasze marzenia i najbardziej wymagaj\u0105ce wizje tatua\u017cy!<br><br>Od szkicu o\u0142\u00f3wkiem do sztuki na sk\u00f3rze \u2013 tak wygl\u0105da moja droga. Rysuj\u0119 od dziecka, a zami\u0142owanie do o\u0142\u00f3wka szybko przerodzi\u0142o si\u0119 w pasj\u0119 do tatua\u017cu. W 2019 roku, z pierwsz\u0105 maszynk\u0105 w d\u0142oni, rozpocz\u0105\u0142em swoj\u0105 przygod\u0119 jako praktykant.<br><br>Z ka\u017cd\u0105 sesj\u0105 ros\u0142a moja pewno\u015b\u0107 siebie, a konstruktywna krytyka i wsparcie do\u015bwiadczonych tatuator\u00f3w pomog\u0142y mi rozwin\u0105\u0107 warsztat. Dzi\u015b specjalizuj\u0119 si\u0119 w tatua\u017cu realistycznym \u2013 tworz\u0119 projekty, kt\u00f3re maj\u0105 znaczenie, emocje i opowiadaj\u0105 histori\u0119.<br><br>Nieustannie si\u0119 ucz\u0119, szukam inspiracji i nowych wyzwa\u0144. Je\u015bli szukasz artysty, kt\u00f3ry podejdzie do Twojego tatua\u017cu z sercem i zaanga\u017cowaniem \u2013 zapraszam. Mo\u017ce to w\u0142a\u015bnie m\u00f3j styl zostanie z Tob\u0105 na ca\u0142e \u017cycie.<\/div>\n<\/div>\n <\/div><\/div>\n<\/div>\n <\/div><\/div>\n","protected":false},"excerpt":{"rendered":"","protected":false},"author":1,"featured_media":0,"parent":0,"menu_order":0,"comment_status":"closed","ping_status":"closed","template":"","meta":{"_gspb_post_css":"#gspb_image-id-gsbp-8d0639b2-abdf img{vertical-align:top;display:inline-block;width:100%;height:auto}#gspb_image-id-gsbp-8d0639b2-abdf{height:auto}#gspb_col-id-gsbp-c284590f-d0b8.gspb_row__col--4{width:33.333333333333336%}@media (max-width:575.98px){#gspb_col-id-gsbp-c284590f-d0b8.gspb_row__col--4{width:100%}}#gspb_heading-id-gsbp-b1c585d6-ebee,#gspb_heading-id-gsbp-b1c585d6-ebee .wp-block{line-height:60px}#gspb_col-id-gsbp-b64808cf-de4e.gspb_row__col--8{width:66.66666666666667%}@media (max-width:575.98px){#gspb_col-id-gsbp-b64808cf-de4e.gspb_row__col--8{width:100%}}.gspb_row.wp-block-greenshift-blocks-row #gspb_col-id-gsbp-b64808cf-de4e.gspb_row__col--8{padding-top:32px;padding-bottom:0}#gspb_row-id-gsbp-b69c3d8f-86d1.gspb_row{justify-content:space-between;margin-top:0;margin-bottom:0;position:relative;display:flex;flex-wrap:wrap}#gspb_row-id-gsbp-b69c3d8f-86d1.gspb_row>.gspb_row__content{display:flex;justify-content:space-between;margin:0 auto;width:100%;flex-wrap:wrap}#gspb_row-id-gsbp-6fbf20db-9a4e.gspb_row div[class^=gspb_row__col],#gspb_row-id-gsbp-b69c3d8f-86d1.gspb_row div[class^=gspb_row__col]{flex-direction:column;position:relative}#gspb_row-id-gsbp-b69c3d8f-86d1.gspb_row .gspb_row__col--1,#gspb_row-id-gsbp-b69c3d8f-86d1.gspb_row .gspb_row__col--10,#gspb_row-id-gsbp-b69c3d8f-86d1.gspb_row .gspb_row__col--11,#gspb_row-id-gsbp-b69c3d8f-86d1.gspb_row .gspb_row__col--12,#gspb_row-id-gsbp-b69c3d8f-86d1.gspb_row .gspb_row__col--2,#gspb_row-id-gsbp-b69c3d8f-86d1.gspb_row .gspb_row__col--24,#gspb_row-id-gsbp-b69c3d8f-86d1.gspb_row .gspb_row__col--3,#gspb_row-id-gsbp-b69c3d8f-86d1.gspb_row .gspb_row__col--4,#gspb_row-id-gsbp-b69c3d8f-86d1.gspb_row .gspb_row__col--5,#gspb_row-id-gsbp-b69c3d8f-86d1.gspb_row .gspb_row__col--6,#gspb_row-id-gsbp-b69c3d8f-86d1.gspb_row .gspb_row__col--7,#gspb_row-id-gsbp-b69c3d8f-86d1.gspb_row .gspb_row__col--8,#gspb_row-id-gsbp-b69c3d8f-86d1.gspb_row .gspb_row__col--9{padding:15px min(3vw,20px);box-sizing:border-box}#gspb_col-id-gsbp-0be54330-20b4.gspb_row__col--12{width:100%}@media (max-width:575.98px){#gspb_col-id-gsbp-0be54330-20b4.gspb_row__col--12{width:100%}}#gspb_row-id-gsbp-6fbf20db-9a4e.gspb_row{justify-content:space-between;margin-top:0;margin-bottom:0;position:relative;display:flex;flex-wrap:wrap;padding-top:256px;padding-bottom:128px}#gspb_row-id-gsbp-6fbf20db-9a4e.gspb_row>.gspb_row__content{display:flex;justify-content:space-between;margin:0 auto;width:100%;flex-wrap:wrap}#gspb_row-id-gsbp-6fbf20db-9a4e.gspb_row .gspb_row__col--1,#gspb_row-id-gsbp-6fbf20db-9a4e.gspb_row .gspb_row__col--10,#gspb_row-id-gsbp-6fbf20db-9a4e.gspb_row .gspb_row__col--11,#gspb_row-id-gsbp-6fbf20db-9a4e.gspb_row .gspb_row__col--12,#gspb_row-id-gsbp-6fbf20db-9a4e.gspb_row .gspb_row__col--2,#gspb_row-id-gsbp-6fbf20db-9a4e.gspb_row .gspb_row__col--24,#gspb_row-id-gsbp-6fbf20db-9a4e.gspb_row .gspb_row__col--3,#gspb_row-id-gsbp-6fbf20db-9a4e.gspb_row .gspb_row__col--4,#gspb_row-id-gsbp-6fbf20db-9a4e.gspb_row .gspb_row__col--5,#gspb_row-id-gsbp-6fbf20db-9a4e.gspb_row .gspb_row__col--6,#gspb_row-id-gsbp-6fbf20db-9a4e.gspb_row .gspb_row__col--7,#gspb_row-id-gsbp-6fbf20db-9a4e.gspb_row .gspb_row__col--8,#gspb_row-id-gsbp-6fbf20db-9a4e.gspb_row .gspb_row__col--9{padding:15px min(3vw,20px);box-sizing:border-box}body.gspb-bodyfront #gspb_row-id-gsbp-6fbf20db-9a4e.gspb_row>.gspb_row__content,body.gspb-bodyfront #gspb_row-id-gsbp-b69c3d8f-86d1.gspb_row>.gspb_row__content{width:var(--container-width, 1200px);max-width:var(--normal-container-max-width, 1200px)}@media (max-width:575.98px){#gspb_row-id-gsbp-6fbf20db-9a4e.gspb_row{padding-top:64px;padding-bottom:32px}}","_eb_attr":""},"blocksy_meta":{"styles_descriptor":{"styles":{"desktop":"","tablet":"","mobile":""},"google_fonts":[],"version":5}},"yoast_head":"<!-- This site is optimized with the Yoast SEO plugin v20.0 - https:\/\/yoast.com\/wordpress\/plugins\/seo\/ -->\n<title>Krzysiu - atomtattoo.nl<\/title>\n<meta name=\"robots\" content=\"index, follow, max-snippet:-1, max-image-preview:large, max-video-preview:-1\" \/>\n<link rel=\"canonical\" href=\"https:\/\/atomtattoo.nl\/index.php\/krzysztof\/\" \/>\n<meta property=\"og:locale\" content=\"en_US\" \/>\n<meta property=\"og:type\" content=\"article\" \/>\n<meta property=\"og:title\" content=\"Krzysiu - atomtattoo.nl\" \/>\n<meta property=\"og:url\" content=\"https:\/\/atomtattoo.nl\/index.php\/krzysztof\/\" \/>\n<meta property=\"og:site_name\" content=\"atomtattoo.nl\" \/>\n<meta property=\"article:publisher\" content=\"https:\/\/www.facebook.com\/ATOMTATTOOART\" \/>\n<meta property=\"article:modified_time\" content=\"2025-07-09T16:38:32+00:00\" \/>\n<meta property=\"og:image\" content=\"http:\/\/atomtattoo.nl\/wp-content\/uploads\/2025\/07\/d74ebce1-0399-4965-a513-cfc952c79b79.jpg\" \/>\n<meta name=\"twitter:card\" content=\"summary_large_image\" \/>\n<meta name=\"twitter:label1\" content=\"Est. reading time\" \/>\n\t<meta name=\"twitter:data1\" content=\"1 minute\" \/>\n<script type=\"application\/ld+json\" class=\"yoast-schema-graph\">{\"@context\":\"https:\/\/schema.org\",\"@graph\":[{\"@type\":\"WebPage\",\"@id\":\"https:\/\/atomtattoo.nl\/index.php\/krzysztof\/\",\"url\":\"https:\/\/atomtattoo.nl\/index.php\/krzysztof\/\",\"name\":\"Krzysiu - atomtattoo.nl\",\"isPartOf\":{\"@id\":\"https:\/\/atomtattoo.nl\/#website\"},\"datePublished\":\"2025-07-09T16:12:29+00:00\",\"dateModified\":\"2025-07-09T16:38:32+00:00\",\"breadcrumb\":{\"@id\":\"https:\/\/atomtattoo.nl\/index.php\/krzysztof\/#breadcrumb\"},\"inLanguage\":\"en-US\",\"potentialAction\":[{\"@type\":\"ReadAction\",\"target\":[\"https:\/\/atomtattoo.nl\/index.php\/krzysztof\/\"]}]},{\"@type\":\"BreadcrumbList\",\"@id\":\"https:\/\/atomtattoo.nl\/index.php\/krzysztof\/#breadcrumb\",\"itemListElement\":[{\"@type\":\"ListItem\",\"position\":1,\"name\":\"Home\",\"item\":\"https:\/\/atomtattoo.nl\/\"},{\"@type\":\"ListItem\",\"position\":2,\"name\":\"Krzysiu\"}]},{\"@type\":\"WebSite\",\"@id\":\"https:\/\/atomtattoo.nl\/#website\",\"url\":\"https:\/\/atomtattoo.nl\/\",\"name\":\"Atom Tattoo\",\"description\":\"\",\"publisher\":{\"@id\":\"https:\/\/atomtattoo.nl\/#organization\"},\"potentialAction\":[{\"@type\":\"SearchAction\",\"target\":{\"@type\":\"EntryPoint\",\"urlTemplate\":\"https:\/\/atomtattoo.nl\/?s={search_term_string}\"},\"query-input\":\"required name=search_term_string\"}],\"inLanguage\":\"en-US\"},{\"@type\":\"Organization\",\"@id\":\"https:\/\/atomtattoo.nl\/#organization\",\"name\":\"Atom Tattoo\",\"url\":\"https:\/\/atomtattoo.nl\/\",\"logo\":{\"@type\":\"ImageObject\",\"inLanguage\":\"en-US\",\"@id\":\"https:\/\/atomtattoo.nl\/#\/schema\/logo\/image\/\",\"url\":\"https:\/\/atomtattoo.nl\/wp-content\/uploads\/2023\/01\/rounded-1024x1024.png\",\"contentUrl\":\"https:\/\/atomtattoo.nl\/wp-content\/uploads\/2023\/01\/rounded-1024x1024.png\",\"width\":1024,\"height\":1024,\"caption\":\"Atom Tattoo\"},\"image\":{\"@id\":\"https:\/\/atomtattoo.nl\/#\/schema\/logo\/image\/\"},\"sameAs\":[\"https:\/\/www.instagram.com\/atom_tattoo_art\/\",\"https:\/\/www.facebook.com\/ATOMTATTOOART\"]}]}<\/script>\n<!-- \/ Yoast SEO plugin. -->","yoast_head_json":{"title":"Krzysiu - atomtattoo.nl","robots":{"index":"index","follow":"follow","max-snippet":"max-snippet:-1","max-image-preview":"max-image-preview:large","max-video-preview":"max-video-preview:-1"},"canonical":"https:\/\/atomtattoo.nl\/index.php\/krzysztof\/","og_locale":"en_US","og_type":"article","og_title":"Krzysiu - atomtattoo.nl","og_url":"https:\/\/atomtattoo.nl\/index.php\/krzysztof\/","og_site_name":"atomtattoo.nl","article_publisher":"https:\/\/www.facebook.com\/ATOMTATTOOART","article_modified_time":"2025-07-09T16:38:32+00:00","og_image":[{"url":"http:\/\/atomtattoo.nl\/wp-content\/uploads\/2025\/07\/d74ebce1-0399-4965-a513-cfc952c79b79.jpg"}],"twitter_card":"summary_large_image","twitter_misc":{"Est. reading time":"1 minute"},"schema":{"@context":"https:\/\/schema.org","@graph":[{"@type":"WebPage","@id":"https:\/\/atomtattoo.nl\/index.php\/krzysztof\/","url":"https:\/\/atomtattoo.nl\/index.php\/krzysztof\/","name":"Krzysiu - atomtattoo.nl","isPartOf":{"@id":"https:\/\/atomtattoo.nl\/#website"},"datePublished":"2025-07-09T16:12:29+00:00","dateModified":"2025-07-09T16:38:32+00:00","breadcrumb":{"@id":"https:\/\/atomtattoo.nl\/index.php\/krzysztof\/#breadcrumb"},"inLanguage":"en-US","potentialAction":[{"@type":"ReadAction","target":["https:\/\/atomtattoo.nl\/index.php\/krzysztof\/"]}]},{"@type":"BreadcrumbList","@id":"https:\/\/atomtattoo.nl\/index.php\/krzysztof\/#breadcrumb","itemListElement":[{"@type":"ListItem","position":1,"name":"Home","item":"https:\/\/atomtattoo.nl\/"},{"@type":"ListItem","position":2,"name":"Krzysiu"}]},{"@type":"WebSite","@id":"https:\/\/atomtattoo.nl\/#website","url":"https:\/\/atomtattoo.nl\/","name":"Atom Tattoo","description":"","publisher":{"@id":"https:\/\/atomtattoo.nl\/#organization"},"potentialAction":[{"@type":"SearchAction","target":{"@type":"EntryPoint","urlTemplate":"https:\/\/atomtattoo.nl\/?s={search_term_string}"},"query-input":"required name=search_term_string"}],"inLanguage":"en-US"},{"@type":"Organization","@id":"https:\/\/atomtattoo.nl\/#organization","name":"Atom Tattoo","url":"https:\/\/atomtattoo.nl\/","logo":{"@type":"ImageObject","inLanguage":"en-US","@id":"https:\/\/atomtattoo.nl\/#\/schema\/logo\/image\/","url":"https:\/\/atomtattoo.nl\/wp-content\/uploads\/2023\/01\/rounded-1024x1024.png","contentUrl":"https:\/\/atomtattoo.nl\/wp-content\/uploads\/2023\/01\/rounded-1024x1024.png","width":1024,"height":1024,"caption":"Atom Tattoo"},"image":{"@id":"https:\/\/atomtattoo.nl\/#\/schema\/logo\/image\/"},"sameAs":["https:\/\/www.instagram.com\/atom_tattoo_art\/","https:\/\/www.facebook.com\/ATOMTATTOOART"]}]}},"_links":{"self":[{"href":"https:\/\/atomtattoo.nl\/index.php\/wp-json\/wp\/v2\/pages\/334"}],"collection":[{"href":"https:\/\/atomtattoo.nl\/index.php\/wp-json\/wp\/v2\/pages"}],"about":[{"href":"https:\/\/atomtattoo.nl\/index.php\/wp-json\/wp\/v2\/types\/page"}],"author":[{"embeddable":true,"href":"https:\/\/atomtattoo.nl\/index.php\/wp-json\/wp\/v2\/users\/1"}],"replies":[{"embeddable":true,"href":"https:\/\/atomtattoo.nl\/index.php\/wp-json\/wp\/v2\/comments?post=334"}],"version-history":[{"count":3,"href":"https:\/\/atomtattoo.nl\/index.php\/wp-json\/wp\/v2\/pages\/334\/revisions"}],"predecessor-version":[{"id":342,"href":"https:\/\/atomtattoo.nl\/index.php\/wp-json\/wp\/v2\/pages\/334\/revisions\/342"}],"wp:attachment":[{"href":"https:\/\/atomtattoo.nl\/index.php\/wp-json\/wp\/v2\/media?parent=334"}],"curies":[{"name":"wp","href":"https:\/\/api.w.org\/{rel}","templated":true}]}}