{"id":314,"date":"2025-07-08T19:57:31","date_gmt":"2025-07-08T19:57:31","guid":{"rendered":"https:\/\/atomtattoo.nl\/?page_id=314"},"modified":"2025-07-09T16:38:03","modified_gmt":"2025-07-09T16:38:03","slug":"ania-tomczuk","status":"publish","type":"page","link":"https:\/\/atomtattoo.nl\/index.php\/ania-tomczuk\/","title":{"rendered":"Ania Tomczuk"},"content":{"rendered":"\n<div id=\"gspb_row-id-gsbp-6fbf20db-9a4e\" class=\"gspb_row gspb_row-id-gsbp-6fbf20db-9a4e wp-block-greenshift-blocks-row alignfull gspb_row-id-gsbp-6fbf20db-9a4e\"><div class=\"gspb_row__content\"> \n<div id=\"gspb_col-id-gsbp-0be54330-20b4\" class=\"gspb_row__col--12 wp-block-greenshift-blocks-row-column  gspb_col-id-gsbp-0be54330-20b4\">\n<div id=\"gspb_row-id-gsbp-b69c3d8f-86d1\" class=\"gspb_row gspb_row-id-gsbp-b69c3d8f-86d1 wp-block-greenshift-blocks-row gspb_row-id-gsbp-b69c3d8f-86d1\"><div class=\"gspb_row__content\"> \n<div id=\"gspb_col-id-gsbp-c284590f-d0b8\" class=\"gspb_row__col--4 wp-block-greenshift-blocks-row-column  gspb_col-id-gsbp-c284590f-d0b8\">\n<div id=\"gspb_image-id-gsbp-8d0639b2-abdf\" class=\"gspb_image gspb_image-id-gsbp-8d0639b2-abdf wp-block-greenshift-blocks-image\"><img decoding=\"async\" loading=\"lazy\" src=\"https:\/\/atomtattoo.nl\/wp-content\/uploads\/2025\/07\/9be1ea0a-1f37-4e6d-aed1-68486845d069.jpg\" data-src=\"\" alt=\"\" width=\"100\" height=\"1421\"\/><\/div>\n<\/div>\n\n\n\n<div id=\"gspb_col-id-gsbp-b64808cf-de4e\" class=\"gspb_row__col--8 wp-block-greenshift-blocks-row-column  gspb_col-id-gsbp-b64808cf-de4e\">\n<h2 id=\"gspb_heading-id-gsbp-b1c585d6-ebee\" class=\"gspb_heading gspb_heading-id-gsbp-b1c585d6-ebee \">Ania Tomczuk<\/h2>\n\n\n\n<p>Cze\u015b\u0107! Mam na imi\u0119 Ania i jestem w\u0142a\u015bcicielk\u0105 studia Atom Tattoo.<br>Moja przygoda z tatua\u017cem zacz\u0119\u0142a si\u0119, gdy mia\u0142am 14 lat \u2013 wtedy tatuowa\u0142am znajomych samor\u00f3bk\u0105, z pasji i czystej zajawki. Na kilka lat porzuci\u0142am ig\u0142y, bo w tamtych czasach w Polsce by\u0142o mo\u017ce kilka salon\u00f3w, do kt\u00f3rych ci\u0119\u017cko by\u0142o si\u0119 dosta\u0107. Wr\u00f3ci\u0142am do tatuowania ponad 10 lat temu i od tego czasu rozwijam si\u0119 zawodowo, nieustannie ucz\u0105c si\u0119 i szkol\u0105c.<br>W 2018 otworzy\u0142am Atom Tattoo \u2013 najpierw w ma\u0142ym pokoiku na ty\u0142ach salonu fryzjerskiego w Schijndel, a od 2021 dzia\u0142am ju\u017c na pe\u0142nych obrotach w Rosmalen. Nazwa studia to gra moim imieniem i nazwiskiem \u2013 Anna TOMczuk.<\/p>\n\n\n\n<p>Rysuj\u0119 odk\u0105d pami\u0119tam \u2013 bra\u0142am udzia\u0142 w konkursach plastycznych, czasem nawet po to, \u017ceby poprawi\u0107 ocen\u0119 z zachowania \ud83d\ude04<br>Poza tatua\u017cem kr\u0119c\u0105 mnie motocykle, ostatnio te\u017c wkr\u0119ci\u0142am si\u0119 w w\u0119dkarstwo. Lubi\u0119 podr\u00f3\u017ce i dobr\u0105 energi\u0119 \u2013 w pracy i poza ni\u0105.<br>Prowadz\u0119 te\u017c grup\u0119 dla pocz\u0105tkuj\u0105cych tatuator\u00f3w, \u017ceby dzieli\u0107 si\u0119 wiedz\u0105 i wspiera\u0107 tych, kt\u00f3rzy stawiaj\u0105 pierwsze kroki.<\/p>\n<\/div>\n <\/div><\/div>\n<\/div>\n <\/div><\/div>\n","protected":false},"excerpt":{"rendered":"","protected":false},"author":1,"featured_media":0,"parent":0,"menu_order":0,"comment_status":"closed","ping_status":"closed","template":"","meta":{"_gspb_post_css":"#gspb_image-id-gsbp-8d0639b2-abdf img{vertical-align:top;display:inline-block;width:100%;height:auto}#gspb_image-id-gsbp-8d0639b2-abdf{height:auto}#gspb_col-id-gsbp-c284590f-d0b8.gspb_row__col--4{width:33.333333333333336%}@media (max-width:575.98px){#gspb_col-id-gsbp-c284590f-d0b8.gspb_row__col--4{width:100%}}#gspb_heading-id-gsbp-b1c585d6-ebee,#gspb_heading-id-gsbp-b1c585d6-ebee .wp-block{line-height:60px}#gspb_col-id-gsbp-b64808cf-de4e.gspb_row__col--8{width:66.66666666666667%}@media (max-width:575.98px){#gspb_col-id-gsbp-b64808cf-de4e.gspb_row__col--8{width:100%}}.gspb_row.wp-block-greenshift-blocks-row #gspb_col-id-gsbp-b64808cf-de4e.gspb_row__col--8{padding-top:32px;padding-bottom:0}#gspb_row-id-gsbp-b69c3d8f-86d1.gspb_row{justify-content:space-between;margin-top:0;margin-bottom:0;position:relative;display:flex;flex-wrap:wrap}#gspb_row-id-gsbp-b69c3d8f-86d1.gspb_row>.gspb_row__content{display:flex;justify-content:space-between;margin:0 auto;width:100%;flex-wrap:wrap}#gspb_row-id-gsbp-6fbf20db-9a4e.gspb_row div[class^=gspb_row__col],#gspb_row-id-gsbp-b69c3d8f-86d1.gspb_row div[class^=gspb_row__col]{flex-direction:column;position:relative}#gspb_row-id-gsbp-b69c3d8f-86d1.gspb_row .gspb_row__col--1,#gspb_row-id-gsbp-b69c3d8f-86d1.gspb_row .gspb_row__col--10,#gspb_row-id-gsbp-b69c3d8f-86d1.gspb_row .gspb_row__col--11,#gspb_row-id-gsbp-b69c3d8f-86d1.gspb_row .gspb_row__col--12,#gspb_row-id-gsbp-b69c3d8f-86d1.gspb_row .gspb_row__col--2,#gspb_row-id-gsbp-b69c3d8f-86d1.gspb_row .gspb_row__col--24,#gspb_row-id-gsbp-b69c3d8f-86d1.gspb_row .gspb_row__col--3,#gspb_row-id-gsbp-b69c3d8f-86d1.gspb_row .gspb_row__col--4,#gspb_row-id-gsbp-b69c3d8f-86d1.gspb_row .gspb_row__col--5,#gspb_row-id-gsbp-b69c3d8f-86d1.gspb_row .gspb_row__col--6,#gspb_row-id-gsbp-b69c3d8f-86d1.gspb_row .gspb_row__col--7,#gspb_row-id-gsbp-b69c3d8f-86d1.gspb_row .gspb_row__col--8,#gspb_row-id-gsbp-b69c3d8f-86d1.gspb_row .gspb_row__col--9{padding:15px min(3vw,20px);box-sizing:border-box}#gspb_col-id-gsbp-0be54330-20b4.gspb_row__col--12{width:100%}@media (max-width:575.98px){#gspb_col-id-gsbp-0be54330-20b4.gspb_row__col--12{width:100%}}#gspb_row-id-gsbp-6fbf20db-9a4e.gspb_row{justify-content:space-between;margin-top:0;margin-bottom:0;position:relative;display:flex;flex-wrap:wrap;padding-top:256px;padding-bottom:128px}#gspb_row-id-gsbp-6fbf20db-9a4e.gspb_row>.gspb_row__content{display:flex;justify-content:space-between;margin:0 auto;width:100%;flex-wrap:wrap}#gspb_row-id-gsbp-6fbf20db-9a4e.gspb_row .gspb_row__col--1,#gspb_row-id-gsbp-6fbf20db-9a4e.gspb_row .gspb_row__col--10,#gspb_row-id-gsbp-6fbf20db-9a4e.gspb_row .gspb_row__col--11,#gspb_row-id-gsbp-6fbf20db-9a4e.gspb_row .gspb_row__col--12,#gspb_row-id-gsbp-6fbf20db-9a4e.gspb_row .gspb_row__col--2,#gspb_row-id-gsbp-6fbf20db-9a4e.gspb_row .gspb_row__col--24,#gspb_row-id-gsbp-6fbf20db-9a4e.gspb_row .gspb_row__col--3,#gspb_row-id-gsbp-6fbf20db-9a4e.gspb_row .gspb_row__col--4,#gspb_row-id-gsbp-6fbf20db-9a4e.gspb_row .gspb_row__col--5,#gspb_row-id-gsbp-6fbf20db-9a4e.gspb_row .gspb_row__col--6,#gspb_row-id-gsbp-6fbf20db-9a4e.gspb_row .gspb_row__col--7,#gspb_row-id-gsbp-6fbf20db-9a4e.gspb_row .gspb_row__col--8,#gspb_row-id-gsbp-6fbf20db-9a4e.gspb_row .gspb_row__col--9{padding:15px min(3vw,20px);box-sizing:border-box}body.gspb-bodyfront #gspb_row-id-gsbp-6fbf20db-9a4e.gspb_row>.gspb_row__content,body.gspb-bodyfront #gspb_row-id-gsbp-b69c3d8f-86d1.gspb_row>.gspb_row__content{width:var(--container-width, 1200px);max-width:var(--normal-container-max-width, 1200px)}@media (max-width:575.98px){#gspb_row-id-gsbp-6fbf20db-9a4e.gspb_row{padding-top:64px;padding-bottom:32px}}","_eb_attr":""},"blocksy_meta":{"styles_descriptor":{"styles":{"desktop":"","tablet":"","mobile":""},"google_fonts":[],"version":5}},"yoast_head":"<!-- This site is optimized with the Yoast SEO plugin v20.0 - https:\/\/yoast.com\/wordpress\/plugins\/seo\/ -->\n<title>Ania Tomczuk - atomtattoo.nl<\/title>\n<meta name=\"robots\" content=\"index, follow, max-snippet:-1, max-image-preview:large, max-video-preview:-1\" \/>\n<link rel=\"canonical\" href=\"https:\/\/atomtattoo.nl\/index.php\/ania-tomczuk\/\" \/>\n<meta property=\"og:locale\" content=\"en_US\" \/>\n<meta property=\"og:type\" content=\"article\" \/>\n<meta property=\"og:title\" content=\"Ania Tomczuk - atomtattoo.nl\" \/>\n<meta property=\"og:url\" content=\"https:\/\/atomtattoo.nl\/index.php\/ania-tomczuk\/\" \/>\n<meta property=\"og:site_name\" content=\"atomtattoo.nl\" \/>\n<meta property=\"article:publisher\" content=\"https:\/\/www.facebook.com\/ATOMTATTOOART\" \/>\n<meta property=\"article:modified_time\" content=\"2025-07-09T16:38:03+00:00\" \/>\n<meta property=\"og:image\" content=\"https:\/\/atomtattoo.nl\/wp-content\/uploads\/2025\/07\/9be1ea0a-1f37-4e6d-aed1-68486845d069.jpg\" \/>\n<meta name=\"twitter:card\" content=\"summary_large_image\" \/>\n<meta name=\"twitter:label1\" content=\"Est. reading time\" \/>\n\t<meta name=\"twitter:data1\" content=\"1 minute\" \/>\n<script type=\"application\/ld+json\" class=\"yoast-schema-graph\">{\"@context\":\"https:\/\/schema.org\",\"@graph\":[{\"@type\":\"WebPage\",\"@id\":\"https:\/\/atomtattoo.nl\/index.php\/ania-tomczuk\/\",\"url\":\"https:\/\/atomtattoo.nl\/index.php\/ania-tomczuk\/\",\"name\":\"Ania Tomczuk - atomtattoo.nl\",\"isPartOf\":{\"@id\":\"https:\/\/atomtattoo.nl\/#website\"},\"datePublished\":\"2025-07-08T19:57:31+00:00\",\"dateModified\":\"2025-07-09T16:38:03+00:00\",\"breadcrumb\":{\"@id\":\"https:\/\/atomtattoo.nl\/index.php\/ania-tomczuk\/#breadcrumb\"},\"inLanguage\":\"en-US\",\"potentialAction\":[{\"@type\":\"ReadAction\",\"target\":[\"https:\/\/atomtattoo.nl\/index.php\/ania-tomczuk\/\"]}]},{\"@type\":\"BreadcrumbList\",\"@id\":\"https:\/\/atomtattoo.nl\/index.php\/ania-tomczuk\/#breadcrumb\",\"itemListElement\":[{\"@type\":\"ListItem\",\"position\":1,\"name\":\"Home\",\"item\":\"https:\/\/atomtattoo.nl\/\"},{\"@type\":\"ListItem\",\"position\":2,\"name\":\"Ania Tomczuk\"}]},{\"@type\":\"WebSite\",\"@id\":\"https:\/\/atomtattoo.nl\/#website\",\"url\":\"https:\/\/atomtattoo.nl\/\",\"name\":\"Atom Tattoo\",\"description\":\"\",\"publisher\":{\"@id\":\"https:\/\/atomtattoo.nl\/#organization\"},\"potentialAction\":[{\"@type\":\"SearchAction\",\"target\":{\"@type\":\"EntryPoint\",\"urlTemplate\":\"https:\/\/atomtattoo.nl\/?s={search_term_string}\"},\"query-input\":\"required name=search_term_string\"}],\"inLanguage\":\"en-US\"},{\"@type\":\"Organization\",\"@id\":\"https:\/\/atomtattoo.nl\/#organization\",\"name\":\"Atom Tattoo\",\"url\":\"https:\/\/atomtattoo.nl\/\",\"logo\":{\"@type\":\"ImageObject\",\"inLanguage\":\"en-US\",\"@id\":\"https:\/\/atomtattoo.nl\/#\/schema\/logo\/image\/\",\"url\":\"https:\/\/atomtattoo.nl\/wp-content\/uploads\/2023\/01\/rounded-1024x1024.png\",\"contentUrl\":\"https:\/\/atomtattoo.nl\/wp-content\/uploads\/2023\/01\/rounded-1024x1024.png\",\"width\":1024,\"height\":1024,\"caption\":\"Atom Tattoo\"},\"image\":{\"@id\":\"https:\/\/atomtattoo.nl\/#\/schema\/logo\/image\/\"},\"sameAs\":[\"https:\/\/www.instagram.com\/atom_tattoo_art\/\",\"https:\/\/www.facebook.com\/ATOMTATTOOART\"]}]}<\/script>\n<!-- \/ Yoast SEO plugin. -->","yoast_head_json":{"title":"Ania Tomczuk - atomtattoo.nl","robots":{"index":"index","follow":"follow","max-snippet":"max-snippet:-1","max-image-preview":"max-image-preview:large","max-video-preview":"max-video-preview:-1"},"canonical":"https:\/\/atomtattoo.nl\/index.php\/ania-tomczuk\/","og_locale":"en_US","og_type":"article","og_title":"Ania Tomczuk - atomtattoo.nl","og_url":"https:\/\/atomtattoo.nl\/index.php\/ania-tomczuk\/","og_site_name":"atomtattoo.nl","article_publisher":"https:\/\/www.facebook.com\/ATOMTATTOOART","article_modified_time":"2025-07-09T16:38:03+00:00","og_image":[{"url":"https:\/\/atomtattoo.nl\/wp-content\/uploads\/2025\/07\/9be1ea0a-1f37-4e6d-aed1-68486845d069.jpg"}],"twitter_card":"summary_large_image","twitter_misc":{"Est. reading time":"1 minute"},"schema":{"@context":"https:\/\/schema.org","@graph":[{"@type":"WebPage","@id":"https:\/\/atomtattoo.nl\/index.php\/ania-tomczuk\/","url":"https:\/\/atomtattoo.nl\/index.php\/ania-tomczuk\/","name":"Ania Tomczuk - atomtattoo.nl","isPartOf":{"@id":"https:\/\/atomtattoo.nl\/#website"},"datePublished":"2025-07-08T19:57:31+00:00","dateModified":"2025-07-09T16:38:03+00:00","breadcrumb":{"@id":"https:\/\/atomtattoo.nl\/index.php\/ania-tomczuk\/#breadcrumb"},"inLanguage":"en-US","potentialAction":[{"@type":"ReadAction","target":["https:\/\/atomtattoo.nl\/index.php\/ania-tomczuk\/"]}]},{"@type":"BreadcrumbList","@id":"https:\/\/atomtattoo.nl\/index.php\/ania-tomczuk\/#breadcrumb","itemListElement":[{"@type":"ListItem","position":1,"name":"Home","item":"https:\/\/atomtattoo.nl\/"},{"@type":"ListItem","position":2,"name":"Ania Tomczuk"}]},{"@type":"WebSite","@id":"https:\/\/atomtattoo.nl\/#website","url":"https:\/\/atomtattoo.nl\/","name":"Atom Tattoo","description":"","publisher":{"@id":"https:\/\/atomtattoo.nl\/#organization"},"potentialAction":[{"@type":"SearchAction","target":{"@type":"EntryPoint","urlTemplate":"https:\/\/atomtattoo.nl\/?s={search_term_string}"},"query-input":"required name=search_term_string"}],"inLanguage":"en-US"},{"@type":"Organization","@id":"https:\/\/atomtattoo.nl\/#organization","name":"Atom Tattoo","url":"https:\/\/atomtattoo.nl\/","logo":{"@type":"ImageObject","inLanguage":"en-US","@id":"https:\/\/atomtattoo.nl\/#\/schema\/logo\/image\/","url":"https:\/\/atomtattoo.nl\/wp-content\/uploads\/2023\/01\/rounded-1024x1024.png","contentUrl":"https:\/\/atomtattoo.nl\/wp-content\/uploads\/2023\/01\/rounded-1024x1024.png","width":1024,"height":1024,"caption":"Atom Tattoo"},"image":{"@id":"https:\/\/atomtattoo.nl\/#\/schema\/logo\/image\/"},"sameAs":["https:\/\/www.instagram.com\/atom_tattoo_art\/","https:\/\/www.facebook.com\/ATOMTATTOOART"]}]}},"_links":{"self":[{"href":"https:\/\/atomtattoo.nl\/index.php\/wp-json\/wp\/v2\/pages\/314"}],"collection":[{"href":"https:\/\/atomtattoo.nl\/index.php\/wp-json\/wp\/v2\/pages"}],"about":[{"href":"https:\/\/atomtattoo.nl\/index.php\/wp-json\/wp\/v2\/types\/page"}],"author":[{"embeddable":true,"href":"https:\/\/atomtattoo.nl\/index.php\/wp-json\/wp\/v2\/users\/1"}],"replies":[{"embeddable":true,"href":"https:\/\/atomtattoo.nl\/index.php\/wp-json\/wp\/v2\/comments?post=314"}],"version-history":[{"count":6,"href":"https:\/\/atomtattoo.nl\/index.php\/wp-json\/wp\/v2\/pages\/314\/revisions"}],"predecessor-version":[{"id":341,"href":"https:\/\/atomtattoo.nl\/index.php\/wp-json\/wp\/v2\/pages\/314\/revisions\/341"}],"wp:attachment":[{"href":"https:\/\/atomtattoo.nl\/index.php\/wp-json\/wp\/v2\/media?parent=314"}],"curies":[{"name":"wp","href":"https:\/\/api.w.org\/{rel}","templated":true}]}}