{"id":255,"date":"2023-01-22T17:17:57","date_gmt":"2023-01-22T17:17:57","guid":{"rendered":"https:\/\/atomtattoo.nl\/?page_id=255"},"modified":"2023-01-22T17:18:21","modified_gmt":"2023-01-22T17:18:21","slug":"pielegnacja","status":"publish","type":"page","link":"https:\/\/atomtattoo.nl\/index.php\/pielegnacja\/","title":{"rendered":"piel\u0119gnacja"},"content":{"rendered":"\n<div id=\"gspb_container-id-gsbp-2e21e025-40bb\" class=\"gspb_container gspb_container-gsbp-2e21e025-40bb wp-block-greenshift-blocks-container\">\n<h2 id=\"gspb_heading-id-gsbp-488ff004-d8cd\" class=\"gspb_heading gspb_heading-id-gsbp-488ff004-d8cd \" data-aos=\"flip-up\" data-aos-easing=\"ease\" data-aos-duration=\"700\" data-aos-once=\"true\">Piel\u0119gnacja tatua\u017cu<\/h2>\n<\/div>\n\n\n\n<div id=\"gspb_container-id-gsbp-d4748007-4e22\" class=\"gspb_container gspb_container-gsbp-d4748007-4e22 wp-block-greenshift-blocks-container\">\n<h2 id=\"gspb_heading-id-gsbp-5ffac483-66dc\" class=\"gspb_heading gspb_heading-id-gsbp-5ffac483-66dc \">Instrukcja dotyczy piel\u0119gnacji tatua\u017cu<\/h2>\n\n\n\n<div id=\"gspb_text-id-gsbp-e8825b0e-175f\" class=\"gspb_text gspb_text-id-gsbp-e8825b0e-175f \">Po wykonaniu tatua\u017cu zostanie on w studiu umyty, nasmarowany kremem oraz zawini\u0119ty w foli\u0119 spo\u017cywcz\u0105. Po przyj\u015bciu do domu foli\u0119 nale\u017cy zdj\u0105\u0107(foli\u0119 zaleca si\u0119 trzyma\u0107 maxymalnie 3 godziny od za\u0142o\u017cenia), przemy\u0107 tatuaz dok\u0142adnie i delikatnie ciep\u0142\u0105 wod\u0105 z dodatkiem myd\u0142a szarego, mo\u017cna u\u017cy\u0107 r\u00f3wnie\u017c \u017celu do higieny intymnej lub innego myd\u0142a antybakteryjnego (chodzi o to aby nie u\u017cywa\u0107 do mycia tatua\u017cu myde\u0142 kosmetycznych z zawarto\u015bci\u0105 chemicznych barwnik\u00f3w i perfum). Po umyciu tatua\u017c trzeba delikatnie wytrze\u0107 papierowym r\u0119cznikiem ( nie wolno u\u017cywa\u0107 nawet \u015bwie\u017co wypranego r\u0119cznika bawe\u0142nianego). Przez pierwszy dzie\u0144 lub dwa tatua\u017c b\u0119dzie wymaga\u0142 cz\u0119stszego przemywania poniewa\u017c b\u0119dzie wydziela\u0142o si\u0119 osocze &#8211; co jest normalne. Zalecam mycie 2-3 razy dziennie.<br><br>W zale\u017cno\u015bci od tatua\u017cu zalecam za\u0142o\u017cenie foli na pierwsz\u0105 noc. Nie zalecam noszenia foli gdy nie ma takiej potrzeby,mo\u017cna j\u0105 stosowa\u0107 maxymalnie do 3-4 dni od zrobienia tatua\u017cu by zabezpieczy\u0107 tatuowane miejsce przed zabrudzeniem,uszkodzeniem lub obcieraniem odzie\u017c\u0105. Foli\u0119 nale\u017cy zmienia\u0107 co 3 godziny uprzednio myj\u0105c,osuszaj\u0105c i smaruj\u0105c tatua\u017c \u015bwie\u017c\u0105 warstw\u0105 kremu.<br><br>Pami\u0119taj aby unika\u0107 niepotrzebnego dotykania, drapania i zdrapywania oraz o tym aby zawsze my\u0107 r\u0119ce przed i po piel\u0119gnacji swojego nowego tatua\u017cu.<br>Powiniene\u015b nak\u0142ada\u0107 krem regularnie w ci\u0105gu dnia (polecam Tattoo cream lub bepanthen,zabraniam u\u017cywania alantan,alantan plus i wazeliny)wmasowuj\u0105c w sk\u00f3r\u0119 bardzo ma\u0142\u0105 ilo\u015b\u0107 tak, aby ca\u0142y krem wszed\u0142 w sk\u00f3r\u0119. Krem powiniene\u015b nak\u0142ada\u0107 dop\u00f3ki tatua\u017c nie zacznie si\u0119 z\u0142uszcza\u0107, oko\u0142o 3 \u2013 10 dni w zale\u017cno\u015bci od cia\u0142a, zdrowia oraz miejsca, w kt\u00f3rym znajduje si\u0119 tatua\u017c. Kiedy z\u0142uszczanie si\u0119 zacznie, sk\u00f3ra na tatua\u017cu zacznie si\u0119 zachowywa\u0107 tak jak przy poparzeniu s\u0142onecznym. Kiedy tatua\u017c ca\u0142kowicie wejdzie w faz\u0119 z\u0142uszczania krem stosuj 1-2 dziennie i pozw\u00f3l aby proces sam przeszed\u0142; nie zdrapuj.<\/div>\n\n\n\n<h2 id=\"gspb_heading-id-gsbp-438b17f8-2ee8\" class=\"gspb_heading gspb_heading-id-gsbp-438b17f8-2ee8 \">Nale\u017cy uwa\u017ca\u0107 na nast\u0119puj\u0105ce problemy.<\/h2>\n\n\n\n<div id=\"gspb_text-id-gsbp-18cda2cf-78f1\" class=\"gspb_text gspb_text-id-gsbp-18cda2cf-78f1 \">Goj\u0105cy si\u0119 tatua\u017c nie powinien pozostawa\u0107 zanurzony w wodzie. Kr\u00f3tkie prysznice powinny wystarczy\u0107. K\u0105piele oraz p\u0142ywanie nie s\u0105 zalecane. Je\u015bli pojawi\u0105 si\u0119 jakiekolwiek \u201ep\u0119cherzyki\u201d przesta\u0144 u\u017cywa\u0107 kremu i pozostaw sk\u00f3r\u0119 do z\u0142uszczania. P\u0119cherzyki s\u0105 wywo\u0142ane wilgoci\u0105 (spowodowane zazwyczaj du\u017c\u0105 ilo\u015bci\u0105 kremu) i mog\u0105 prowadzi\u0107 do odchodzenia strupk\u00f3w. Je\u015bli strupki zaczn\u0105 odchodzi\u0107, mog\u0105 usun\u0105\u0107 kolor znajduj\u0105cy si\u0119 pod nimi. Bardzo wa\u017cne jest, aby pozostawi\u0107 je do ca\u0142kowitego wyschni\u0119cia i nie moczy\u0107 ich wod\u0105. Strupki odpadn\u0105 samoistnie, a tatua\u017c powinien pozosta\u0107 w dobrym stanie, pod warunkiem, \u017ce nie by\u0142o g\u0142\u0119bokich p\u0119kni\u0119\u0107.<br>Podkre\u015blam, \u017ce tatua\u017c jest ran\u0105 otwart\u0105 i tak r\u00f3wnie\u017c powinien by\u0107 traktowany. P\u0142ywanie, opalanie si\u0119 czy wcze\u015bniejsze \u015bci\u0105gniecie opatrunku mo\u017ce wi\u0105za\u0107 si\u0119 z k\u0142opotami. Je\u015bli b\u0119dziesz nieostro\u017cny, mo\u017cesz si\u0119 zdziwi\u0107 jak \u0142atwo z\u0142apiesz infekcj\u0119, b\u0105d\u017a narazisz si\u0119 na utrat\u0119 koloru.<br>Po\u015bwi\u0119\u0107 tatua\u017cowi czas i uwag\u0119 jakiej potrzebuje do prawid\u0142owego zagojenia.<br>Tatua\u017c pozostanie na Twoim ciele przez reszt\u0119 \u017cycia, a aby zapewni\u0107 jego dobry wygl\u0105d wystarczy po\u015bwi\u0119ci\u0107 mu tydzie\u0144 lub dwa uwagi. Nie zalecam k\u0105pieli w basenach\/jeziorach,opalania na s\u0142o\u0144cu\/w solarium minimum miesi\u0105c od wykonania tatua\u017cu, a powr\u00f3t na si\u0142owni\u0119 nie szybciej ni\u017c tydzie\u0144\/dwa. W przypadku jawnych zaniedba\u0144 w procesie piel\u0119gnacji zestroi\u0107 klienta, nie wykonuj\u0119 darmowych poprawek \ud83d\ude42\u00a0<\/div>\n<\/div>\n","protected":false},"excerpt":{"rendered":"","protected":false},"author":1,"featured_media":0,"parent":0,"menu_order":0,"comment_status":"closed","ping_status":"closed","template":"","meta":{"_gspb_post_css":"#gspb_heading-id-gsbp-488ff004-d8cd{transition-duration:.7s;transition-timing-function:ease;backface-visibility:hidden;transition-property:opacity,transform;opacity:0;transform:perspective(2500px) rotateX(-60deg) translate3d(0,30px,0)}#gspb_heading-id-gsbp-488ff004-d8cd.aos-animate,#gspb_heading-id-gsbp-488ff004-d8cd[data-gs-aos]{transform:perspective(2500px) rotateX(0) translateZ(0);opacity:1}#gspb_container-id-gsbp-2e21e025-40bb.gspb_container{position:relative;flex-direction:column;box-sizing:border-box;margin-top:180px;margin-bottom:80px}#gspb_container-id-gsbp-2e21e025-40bb.gspb_container .gspb_container__content,#gspb_container-id-gsbp-d4748007-4e22.gspb_container .gspb_container__content{margin:auto}#gspb_container-id-gsbp-2e21e025-40bb.gspb_container>p:last-of-type,#gspb_container-id-gsbp-d4748007-4e22.gspb_container>p:last-of-type{margin-bottom:0}#gspb_heading-id-gsbp-438b17f8-2ee8,#gspb_heading-id-gsbp-438b17f8-2ee8 .wp-block,#gspb_heading-id-gsbp-5ffac483-66dc,#gspb_heading-id-gsbp-5ffac483-66dc .wp-block{font-size:38px}#gspb_container-id-gsbp-d4748007-4e22.gspb_container{position:relative;flex-direction:column;box-sizing:border-box;margin-bottom:80px}","_eb_attr":""},"blocksy_meta":{"styles_descriptor":{"styles":{"desktop":"","tablet":"","mobile":""},"google_fonts":[],"version":5}},"yoast_head":"<!-- This site is optimized with the Yoast SEO plugin v20.0 - https:\/\/yoast.com\/wordpress\/plugins\/seo\/ -->\n<title>piel\u0119gnacja - atomtattoo.nl<\/title>\n<meta name=\"robots\" content=\"index, follow, max-snippet:-1, max-image-preview:large, max-video-preview:-1\" \/>\n<link rel=\"canonical\" href=\"https:\/\/atomtattoo.nl\/index.php\/pielegnacja\/\" \/>\n<meta property=\"og:locale\" content=\"en_US\" \/>\n<meta property=\"og:type\" content=\"article\" \/>\n<meta property=\"og:title\" content=\"piel\u0119gnacja - atomtattoo.nl\" \/>\n<meta property=\"og:url\" content=\"https:\/\/atomtattoo.nl\/index.php\/pielegnacja\/\" \/>\n<meta property=\"og:site_name\" content=\"atomtattoo.nl\" \/>\n<meta property=\"article:publisher\" content=\"https:\/\/www.facebook.com\/ATOMTATTOOART\" \/>\n<meta property=\"article:modified_time\" content=\"2023-01-22T17:18:21+00:00\" \/>\n<meta property=\"og:image\" content=\"https:\/\/atomtattoo.nl\/wp-content\/uploads\/2023\/01\/ATOM_LOGO_OST_100x100-scaled.jpg\" \/>\n\t<meta property=\"og:image:width\" content=\"2560\" \/>\n\t<meta property=\"og:image:height\" content=\"2560\" \/>\n\t<meta property=\"og:image:type\" content=\"image\/jpeg\" \/>\n<meta name=\"twitter:card\" content=\"summary_large_image\" \/>\n<meta name=\"twitter:label1\" content=\"Est. reading time\" \/>\n\t<meta name=\"twitter:data1\" content=\"3 minutes\" \/>\n<script type=\"application\/ld+json\" class=\"yoast-schema-graph\">{\"@context\":\"https:\/\/schema.org\",\"@graph\":[{\"@type\":\"WebPage\",\"@id\":\"https:\/\/atomtattoo.nl\/index.php\/pielegnacja\/\",\"url\":\"https:\/\/atomtattoo.nl\/index.php\/pielegnacja\/\",\"name\":\"piel\u0119gnacja - atomtattoo.nl\",\"isPartOf\":{\"@id\":\"https:\/\/atomtattoo.nl\/#website\"},\"datePublished\":\"2023-01-22T17:17:57+00:00\",\"dateModified\":\"2023-01-22T17:18:21+00:00\",\"breadcrumb\":{\"@id\":\"https:\/\/atomtattoo.nl\/index.php\/pielegnacja\/#breadcrumb\"},\"inLanguage\":\"en-US\",\"potentialAction\":[{\"@type\":\"ReadAction\",\"target\":[\"https:\/\/atomtattoo.nl\/index.php\/pielegnacja\/\"]}]},{\"@type\":\"BreadcrumbList\",\"@id\":\"https:\/\/atomtattoo.nl\/index.php\/pielegnacja\/#breadcrumb\",\"itemListElement\":[{\"@type\":\"ListItem\",\"position\":1,\"name\":\"Home\",\"item\":\"https:\/\/atomtattoo.nl\/\"},{\"@type\":\"ListItem\",\"position\":2,\"name\":\"piel\u0119gnacja\"}]},{\"@type\":\"WebSite\",\"@id\":\"https:\/\/atomtattoo.nl\/#website\",\"url\":\"https:\/\/atomtattoo.nl\/\",\"name\":\"Atom Tattoo\",\"description\":\"\",\"publisher\":{\"@id\":\"https:\/\/atomtattoo.nl\/#organization\"},\"potentialAction\":[{\"@type\":\"SearchAction\",\"target\":{\"@type\":\"EntryPoint\",\"urlTemplate\":\"https:\/\/atomtattoo.nl\/?s={search_term_string}\"},\"query-input\":\"required name=search_term_string\"}],\"inLanguage\":\"en-US\"},{\"@type\":\"Organization\",\"@id\":\"https:\/\/atomtattoo.nl\/#organization\",\"name\":\"Atom Tattoo\",\"url\":\"https:\/\/atomtattoo.nl\/\",\"logo\":{\"@type\":\"ImageObject\",\"inLanguage\":\"en-US\",\"@id\":\"https:\/\/atomtattoo.nl\/#\/schema\/logo\/image\/\",\"url\":\"https:\/\/atomtattoo.nl\/wp-content\/uploads\/2023\/01\/rounded-1024x1024.png\",\"contentUrl\":\"https:\/\/atomtattoo.nl\/wp-content\/uploads\/2023\/01\/rounded-1024x1024.png\",\"width\":1024,\"height\":1024,\"caption\":\"Atom Tattoo\"},\"image\":{\"@id\":\"https:\/\/atomtattoo.nl\/#\/schema\/logo\/image\/\"},\"sameAs\":[\"https:\/\/www.instagram.com\/atom_tattoo_art\/\",\"https:\/\/www.facebook.com\/ATOMTATTOOART\"]}]}<\/script>\n<!-- \/ Yoast SEO plugin. -->","yoast_head_json":{"title":"piel\u0119gnacja - atomtattoo.nl","robots":{"index":"index","follow":"follow","max-snippet":"max-snippet:-1","max-image-preview":"max-image-preview:large","max-video-preview":"max-video-preview:-1"},"canonical":"https:\/\/atomtattoo.nl\/index.php\/pielegnacja\/","og_locale":"en_US","og_type":"article","og_title":"piel\u0119gnacja - atomtattoo.nl","og_url":"https:\/\/atomtattoo.nl\/index.php\/pielegnacja\/","og_site_name":"atomtattoo.nl","article_publisher":"https:\/\/www.facebook.com\/ATOMTATTOOART","article_modified_time":"2023-01-22T17:18:21+00:00","og_image":[{"width":2560,"height":2560,"url":"https:\/\/atomtattoo.nl\/wp-content\/uploads\/2023\/01\/ATOM_LOGO_OST_100x100-scaled.jpg","type":"image\/jpeg"}],"twitter_card":"summary_large_image","twitter_misc":{"Est. reading time":"3 minutes"},"schema":{"@context":"https:\/\/schema.org","@graph":[{"@type":"WebPage","@id":"https:\/\/atomtattoo.nl\/index.php\/pielegnacja\/","url":"https:\/\/atomtattoo.nl\/index.php\/pielegnacja\/","name":"piel\u0119gnacja - atomtattoo.nl","isPartOf":{"@id":"https:\/\/atomtattoo.nl\/#website"},"datePublished":"2023-01-22T17:17:57+00:00","dateModified":"2023-01-22T17:18:21+00:00","breadcrumb":{"@id":"https:\/\/atomtattoo.nl\/index.php\/pielegnacja\/#breadcrumb"},"inLanguage":"en-US","potentialAction":[{"@type":"ReadAction","target":["https:\/\/atomtattoo.nl\/index.php\/pielegnacja\/"]}]},{"@type":"BreadcrumbList","@id":"https:\/\/atomtattoo.nl\/index.php\/pielegnacja\/#breadcrumb","itemListElement":[{"@type":"ListItem","position":1,"name":"Home","item":"https:\/\/atomtattoo.nl\/"},{"@type":"ListItem","position":2,"name":"piel\u0119gnacja"}]},{"@type":"WebSite","@id":"https:\/\/atomtattoo.nl\/#website","url":"https:\/\/atomtattoo.nl\/","name":"Atom Tattoo","description":"","publisher":{"@id":"https:\/\/atomtattoo.nl\/#organization"},"potentialAction":[{"@type":"SearchAction","target":{"@type":"EntryPoint","urlTemplate":"https:\/\/atomtattoo.nl\/?s={search_term_string}"},"query-input":"required name=search_term_string"}],"inLanguage":"en-US"},{"@type":"Organization","@id":"https:\/\/atomtattoo.nl\/#organization","name":"Atom Tattoo","url":"https:\/\/atomtattoo.nl\/","logo":{"@type":"ImageObject","inLanguage":"en-US","@id":"https:\/\/atomtattoo.nl\/#\/schema\/logo\/image\/","url":"https:\/\/atomtattoo.nl\/wp-content\/uploads\/2023\/01\/rounded-1024x1024.png","contentUrl":"https:\/\/atomtattoo.nl\/wp-content\/uploads\/2023\/01\/rounded-1024x1024.png","width":1024,"height":1024,"caption":"Atom Tattoo"},"image":{"@id":"https:\/\/atomtattoo.nl\/#\/schema\/logo\/image\/"},"sameAs":["https:\/\/www.instagram.com\/atom_tattoo_art\/","https:\/\/www.facebook.com\/ATOMTATTOOART"]}]}},"_links":{"self":[{"href":"https:\/\/atomtattoo.nl\/index.php\/wp-json\/wp\/v2\/pages\/255"}],"collection":[{"href":"https:\/\/atomtattoo.nl\/index.php\/wp-json\/wp\/v2\/pages"}],"about":[{"href":"https:\/\/atomtattoo.nl\/index.php\/wp-json\/wp\/v2\/types\/page"}],"author":[{"embeddable":true,"href":"https:\/\/atomtattoo.nl\/index.php\/wp-json\/wp\/v2\/users\/1"}],"replies":[{"embeddable":true,"href":"https:\/\/atomtattoo.nl\/index.php\/wp-json\/wp\/v2\/comments?post=255"}],"version-history":[{"count":2,"href":"https:\/\/atomtattoo.nl\/index.php\/wp-json\/wp\/v2\/pages\/255\/revisions"}],"predecessor-version":[{"id":258,"href":"https:\/\/atomtattoo.nl\/index.php\/wp-json\/wp\/v2\/pages\/255\/revisions\/258"}],"wp:attachment":[{"href":"https:\/\/atomtattoo.nl\/index.php\/wp-json\/wp\/v2\/media?parent=255"}],"curies":[{"name":"wp","href":"https:\/\/api.w.org\/{rel}","templated":true}]}}